{"id":34241,"date":"2024-10-05T11:31:35","date_gmt":"2024-10-05T09:31:35","guid":{"rendered":"https:\/\/www.skomakaren.se\/?post_type=product&#038;p=34241"},"modified":"2024-10-13T10:32:01","modified_gmt":"2024-10-13T08:32:01","slug":"crockett-jones-westbourne-pre-owned-navy-burnished-calf","status":"publish","type":"product","link":"https:\/\/www.skomakaren.se\/en\/produkt\/crockett-jones-westbourne-pre-owned-navy-burnished-calf\/","title":{"rendered":"Crockett &#038; Jones Westbourne, Pre-owned &#8211; Navy Burnished Calf"},"content":{"rendered":"<p>Navy Burnished Calf<br \/>\nFitting E, Last 348<br \/>\nSize 8\u00bd UK (42\u00bd)<\/p>\n<p>Pre-owned<br \/>\nEndast i butik. Skoblock i cedertr\u00e4 ing\u00e5r.<br \/>\nInga returer eller \u00e5terk\u00f6p g\u00e4ller.<\/p>\n","protected":false},"excerpt":{"rendered":"<p>Navy Burnished Calf<br \/>\nFitting E, Last 348<br \/>\nSize 8\u00bd UK (42\u00bd)<\/p>\n<p>Pre-owned<br \/>\nEndast i butik. Skoblock i cedertr\u00e4 ing\u00e5r.<br \/>\nInga returer eller \u00e5terk\u00f6p g\u00e4ller.<\/p>\n","protected":false},"featured_media":34243,"comment_status":"closed","ping_status":"closed","template":"","meta":[],"product_brand":[],"product_cat":[473,59],"product_tag":[69,163,67],"class_list":{"0":"post-34241","1":"product","2":"type-product","3":"status-publish","4":"has-post-thumbnail","6":"product_cat-pre-owned","7":"product_cat-skor","8":"product_tag-herrskor","9":"product_tag-oxfords","10":"product_tag-skor","12":"first","13":"instock","14":"sale","15":"taxable","16":"shipping-taxable","17":"purchasable","18":"product-type-simple"},"yoast_head":"<!-- This site is optimized with the Yoast SEO plugin v27.3 - https:\/\/yoast.com\/product\/yoast-seo-wordpress\/ -->\n<title>Crockett &amp; Jones Westbourne, Pre-owned - Navy Burnished Calf - SKOMAKAREN.SE<\/title>\n<meta name=\"robots\" content=\"index, follow, max-snippet:-1, max-image-preview:large, max-video-preview:-1\" \/>\n<link rel=\"canonical\" href=\"https:\/\/www.skomakaren.se\/en\/produkt\/crockett-jones-westbourne-pre-owned-navy-burnished-calf\/\" \/>\n<meta property=\"og:locale\" content=\"en_US\" \/>\n<meta property=\"og:type\" content=\"article\" \/>\n<meta property=\"og:title\" content=\"Crockett &amp; Jones Westbourne, Pre-owned - Navy Burnished Calf - SKOMAKAREN.SE\" \/>\n<meta property=\"og:description\" content=\"Navy Burnished Calf Fitting E, Last 348 Size 8\u00bd UK (42\u00bd)  Pre-owned Endast i butik. Skoblock i cedertr\u00e4 ing\u00e5r. Inga returer eller \u00e5terk\u00f6p g\u00e4ller.\" \/>\n<meta property=\"og:url\" content=\"https:\/\/www.skomakaren.se\/en\/produkt\/crockett-jones-westbourne-pre-owned-navy-burnished-calf\/\" \/>\n<meta property=\"og:site_name\" content=\"SKOMAKAREN.SE\" \/>\n<meta property=\"article:modified_time\" content=\"2024-10-13T08:32:01+00:00\" \/>\n<meta property=\"og:image\" content=\"https:\/\/www.skomakaren.se\/wp-content\/uploads\/2024\/10\/IMG_3047-scaled.jpg\" \/>\n\t<meta property=\"og:image:width\" content=\"1920\" \/>\n\t<meta property=\"og:image:height\" content=\"2560\" \/>\n\t<meta property=\"og:image:type\" content=\"image\/jpeg\" \/>\n<meta name=\"twitter:card\" content=\"summary_large_image\" \/>\n<meta name=\"twitter:label1\" content=\"Est. reading time\" \/>\n\t<meta name=\"twitter:data1\" content=\"1 minute\" \/>\n<script type=\"application\/ld+json\" class=\"yoast-schema-graph\">{\"@context\":\"https:\\\/\\\/schema.org\",\"@graph\":[{\"@type\":\"WebPage\",\"@id\":\"https:\\\/\\\/www.skomakaren.se\\\/en\\\/produkt\\\/crockett-jones-westbourne-pre-owned-navy-burnished-calf\\\/\",\"url\":\"https:\\\/\\\/www.skomakaren.se\\\/en\\\/produkt\\\/crockett-jones-westbourne-pre-owned-navy-burnished-calf\\\/\",\"name\":\"Crockett & Jones Westbourne, Pre-owned - Navy Burnished Calf - SKOMAKAREN.SE\",\"isPartOf\":{\"@id\":\"https:\\\/\\\/www.skomakaren.se\\\/en\\\/#website\"},\"primaryImageOfPage\":{\"@id\":\"https:\\\/\\\/www.skomakaren.se\\\/en\\\/produkt\\\/crockett-jones-westbourne-pre-owned-navy-burnished-calf\\\/#primaryimage\"},\"image\":{\"@id\":\"https:\\\/\\\/www.skomakaren.se\\\/en\\\/produkt\\\/crockett-jones-westbourne-pre-owned-navy-burnished-calf\\\/#primaryimage\"},\"thumbnailUrl\":\"https:\\\/\\\/www.skomakaren.se\\\/wp-content\\\/uploads\\\/2024\\\/10\\\/IMG_3047-scaled.jpg\",\"datePublished\":\"2024-10-05T09:31:35+00:00\",\"dateModified\":\"2024-10-13T08:32:01+00:00\",\"breadcrumb\":{\"@id\":\"https:\\\/\\\/www.skomakaren.se\\\/en\\\/produkt\\\/crockett-jones-westbourne-pre-owned-navy-burnished-calf\\\/#breadcrumb\"},\"inLanguage\":\"en-US\",\"potentialAction\":[{\"@type\":\"ReadAction\",\"target\":[\"https:\\\/\\\/www.skomakaren.se\\\/en\\\/produkt\\\/crockett-jones-westbourne-pre-owned-navy-burnished-calf\\\/\"]}]},{\"@type\":\"ImageObject\",\"inLanguage\":\"en-US\",\"@id\":\"https:\\\/\\\/www.skomakaren.se\\\/en\\\/produkt\\\/crockett-jones-westbourne-pre-owned-navy-burnished-calf\\\/#primaryimage\",\"url\":\"https:\\\/\\\/www.skomakaren.se\\\/wp-content\\\/uploads\\\/2024\\\/10\\\/IMG_3047-scaled.jpg\",\"contentUrl\":\"https:\\\/\\\/www.skomakaren.se\\\/wp-content\\\/uploads\\\/2024\\\/10\\\/IMG_3047-scaled.jpg\",\"width\":1920,\"height\":2560},{\"@type\":\"BreadcrumbList\",\"@id\":\"https:\\\/\\\/www.skomakaren.se\\\/en\\\/produkt\\\/crockett-jones-westbourne-pre-owned-navy-burnished-calf\\\/#breadcrumb\",\"itemListElement\":[{\"@type\":\"ListItem\",\"position\":1,\"name\":\"Hem\",\"item\":\"https:\\\/\\\/www.skomakaren.se\\\/en\\\/\"},{\"@type\":\"ListItem\",\"position\":2,\"name\":\"Webbutik\",\"item\":\"https:\\\/\\\/www.skomakaren.se\\\/butik\\\/\"},{\"@type\":\"ListItem\",\"position\":3,\"name\":\"Crockett &#038; Jones Westbourne, Pre-owned &#8211; Navy Burnished Calf\"}]},{\"@type\":\"WebSite\",\"@id\":\"https:\\\/\\\/www.skomakaren.se\\\/en\\\/#website\",\"url\":\"https:\\\/\\\/www.skomakaren.se\\\/en\\\/\",\"name\":\"SKOMAKAREN.SE\",\"description\":\"HANSSON BROTHERS\",\"publisher\":{\"@id\":\"https:\\\/\\\/www.skomakaren.se\\\/en\\\/#organization\"},\"alternateName\":\"Skomakaren\",\"potentialAction\":[{\"@type\":\"SearchAction\",\"target\":{\"@type\":\"EntryPoint\",\"urlTemplate\":\"https:\\\/\\\/www.skomakaren.se\\\/en\\\/?s={search_term_string}\"},\"query-input\":{\"@type\":\"PropertyValueSpecification\",\"valueRequired\":true,\"valueName\":\"search_term_string\"}}],\"inLanguage\":\"en-US\"},{\"@type\":\"Organization\",\"@id\":\"https:\\\/\\\/www.skomakaren.se\\\/en\\\/#organization\",\"name\":\"SKOMAKAREN.SE\",\"url\":\"https:\\\/\\\/www.skomakaren.se\\\/en\\\/\",\"logo\":{\"@type\":\"ImageObject\",\"inLanguage\":\"en-US\",\"@id\":\"https:\\\/\\\/www.skomakaren.se\\\/en\\\/#\\\/schema\\\/logo\\\/image\\\/\",\"url\":\"https:\\\/\\\/www.skomakaren.se\\\/wp-content\\\/uploads\\\/2024\\\/09\\\/cropped-cropped-hansson-b.png\",\"contentUrl\":\"https:\\\/\\\/www.skomakaren.se\\\/wp-content\\\/uploads\\\/2024\\\/09\\\/cropped-cropped-hansson-b.png\",\"width\":240,\"height\":240,\"caption\":\"SKOMAKAREN.SE\"},\"image\":{\"@id\":\"https:\\\/\\\/www.skomakaren.se\\\/en\\\/#\\\/schema\\\/logo\\\/image\\\/\"}}]}<\/script>\n<!-- \/ Yoast SEO plugin. -->","yoast_head_json":{"title":"Crockett & Jones Westbourne, Pre-owned - Navy Burnished Calf - SKOMAKAREN.SE","robots":{"index":"index","follow":"follow","max-snippet":"max-snippet:-1","max-image-preview":"max-image-preview:large","max-video-preview":"max-video-preview:-1"},"canonical":"https:\/\/www.skomakaren.se\/en\/produkt\/crockett-jones-westbourne-pre-owned-navy-burnished-calf\/","og_locale":"en_US","og_type":"article","og_title":"Crockett & Jones Westbourne, Pre-owned - Navy Burnished Calf - SKOMAKAREN.SE","og_description":"Navy Burnished Calf Fitting E, Last 348 Size 8\u00bd UK (42\u00bd)  Pre-owned Endast i butik. Skoblock i cedertr\u00e4 ing\u00e5r. Inga returer eller \u00e5terk\u00f6p g\u00e4ller.","og_url":"https:\/\/www.skomakaren.se\/en\/produkt\/crockett-jones-westbourne-pre-owned-navy-burnished-calf\/","og_site_name":"SKOMAKAREN.SE","article_modified_time":"2024-10-13T08:32:01+00:00","og_image":[{"width":1920,"height":2560,"url":"https:\/\/www.skomakaren.se\/wp-content\/uploads\/2024\/10\/IMG_3047-scaled.jpg","type":"image\/jpeg"}],"twitter_card":"summary_large_image","twitter_misc":{"Est. reading time":"1 minute"},"schema":{"@context":"https:\/\/schema.org","@graph":[{"@type":"WebPage","@id":"https:\/\/www.skomakaren.se\/en\/produkt\/crockett-jones-westbourne-pre-owned-navy-burnished-calf\/","url":"https:\/\/www.skomakaren.se\/en\/produkt\/crockett-jones-westbourne-pre-owned-navy-burnished-calf\/","name":"Crockett & Jones Westbourne, Pre-owned - Navy Burnished Calf - SKOMAKAREN.SE","isPartOf":{"@id":"https:\/\/www.skomakaren.se\/en\/#website"},"primaryImageOfPage":{"@id":"https:\/\/www.skomakaren.se\/en\/produkt\/crockett-jones-westbourne-pre-owned-navy-burnished-calf\/#primaryimage"},"image":{"@id":"https:\/\/www.skomakaren.se\/en\/produkt\/crockett-jones-westbourne-pre-owned-navy-burnished-calf\/#primaryimage"},"thumbnailUrl":"https:\/\/www.skomakaren.se\/wp-content\/uploads\/2024\/10\/IMG_3047-scaled.jpg","datePublished":"2024-10-05T09:31:35+00:00","dateModified":"2024-10-13T08:32:01+00:00","breadcrumb":{"@id":"https:\/\/www.skomakaren.se\/en\/produkt\/crockett-jones-westbourne-pre-owned-navy-burnished-calf\/#breadcrumb"},"inLanguage":"en-US","potentialAction":[{"@type":"ReadAction","target":["https:\/\/www.skomakaren.se\/en\/produkt\/crockett-jones-westbourne-pre-owned-navy-burnished-calf\/"]}]},{"@type":"ImageObject","inLanguage":"en-US","@id":"https:\/\/www.skomakaren.se\/en\/produkt\/crockett-jones-westbourne-pre-owned-navy-burnished-calf\/#primaryimage","url":"https:\/\/www.skomakaren.se\/wp-content\/uploads\/2024\/10\/IMG_3047-scaled.jpg","contentUrl":"https:\/\/www.skomakaren.se\/wp-content\/uploads\/2024\/10\/IMG_3047-scaled.jpg","width":1920,"height":2560},{"@type":"BreadcrumbList","@id":"https:\/\/www.skomakaren.se\/en\/produkt\/crockett-jones-westbourne-pre-owned-navy-burnished-calf\/#breadcrumb","itemListElement":[{"@type":"ListItem","position":1,"name":"Hem","item":"https:\/\/www.skomakaren.se\/en\/"},{"@type":"ListItem","position":2,"name":"Webbutik","item":"https:\/\/www.skomakaren.se\/butik\/"},{"@type":"ListItem","position":3,"name":"Crockett &#038; Jones Westbourne, Pre-owned &#8211; Navy Burnished Calf"}]},{"@type":"WebSite","@id":"https:\/\/www.skomakaren.se\/en\/#website","url":"https:\/\/www.skomakaren.se\/en\/","name":"SKOMAKAREN.SE","description":"HANSSON BROTHERS","publisher":{"@id":"https:\/\/www.skomakaren.se\/en\/#organization"},"alternateName":"Skomakaren","potentialAction":[{"@type":"SearchAction","target":{"@type":"EntryPoint","urlTemplate":"https:\/\/www.skomakaren.se\/en\/?s={search_term_string}"},"query-input":{"@type":"PropertyValueSpecification","valueRequired":true,"valueName":"search_term_string"}}],"inLanguage":"en-US"},{"@type":"Organization","@id":"https:\/\/www.skomakaren.se\/en\/#organization","name":"SKOMAKAREN.SE","url":"https:\/\/www.skomakaren.se\/en\/","logo":{"@type":"ImageObject","inLanguage":"en-US","@id":"https:\/\/www.skomakaren.se\/en\/#\/schema\/logo\/image\/","url":"https:\/\/www.skomakaren.se\/wp-content\/uploads\/2024\/09\/cropped-cropped-hansson-b.png","contentUrl":"https:\/\/www.skomakaren.se\/wp-content\/uploads\/2024\/09\/cropped-cropped-hansson-b.png","width":240,"height":240,"caption":"SKOMAKAREN.SE"},"image":{"@id":"https:\/\/www.skomakaren.se\/en\/#\/schema\/logo\/image\/"}}]}},"_links":{"self":[{"href":"https:\/\/www.skomakaren.se\/en\/wp-json\/wp\/v2\/product\/34241","targetHints":{"allow":["GET"]}}],"collection":[{"href":"https:\/\/www.skomakaren.se\/en\/wp-json\/wp\/v2\/product"}],"about":[{"href":"https:\/\/www.skomakaren.se\/en\/wp-json\/wp\/v2\/types\/product"}],"replies":[{"embeddable":true,"href":"https:\/\/www.skomakaren.se\/en\/wp-json\/wp\/v2\/comments?post=34241"}],"wp:featuredmedia":[{"embeddable":true,"href":"https:\/\/www.skomakaren.se\/en\/wp-json\/wp\/v2\/media\/34243"}],"wp:attachment":[{"href":"https:\/\/www.skomakaren.se\/en\/wp-json\/wp\/v2\/media?parent=34241"}],"wp:term":[{"taxonomy":"product_brand","embeddable":true,"href":"https:\/\/www.skomakaren.se\/en\/wp-json\/wp\/v2\/product_brand?post=34241"},{"taxonomy":"product_cat","embeddable":true,"href":"https:\/\/www.skomakaren.se\/en\/wp-json\/wp\/v2\/product_cat?post=34241"},{"taxonomy":"product_tag","embeddable":true,"href":"https:\/\/www.skomakaren.se\/en\/wp-json\/wp\/v2\/product_tag?post=34241"}],"curies":[{"name":"wp","href":"https:\/\/api.w.org\/{rel}","templated":true}]}}