{"id":34036,"date":"2024-09-19T18:49:08","date_gmt":"2024-09-19T16:49:08","guid":{"rendered":"https:\/\/www.skomakaren.se\/?post_type=product&#038;p=34036"},"modified":"2024-09-29T10:17:31","modified_gmt":"2024-09-29T08:17:31","slug":"r-m-williams-skokram","status":"publish","type":"product","link":"https:\/\/www.skomakaren.se\/en\/produkt\/r-m-williams-skokram\/","title":{"rendered":"R. M. Williams Skokr\u00e4m Svart"},"content":{"rendered":"\n<p>V\u00e5rdande skokr\u00e4m till dina boots<\/p>\n\n\n\n<p><\/p>\n","protected":false},"excerpt":{"rendered":"<p>Skokr\u00e4m fr\u00e5n R. M. Williams F\u00e4rg : Svart<\/p>\n","protected":false},"featured_media":34236,"comment_status":"closed","ping_status":"closed","template":"","meta":[],"product_brand":[],"product_cat":[167,99],"product_tag":[103],"class_list":{"0":"post-34036","1":"product","2":"type-product","3":"status-publish","4":"has-post-thumbnail","6":"product_cat-skokram","7":"product_cat-skovard","8":"product_tag-skovard","10":"first","11":"instock","12":"taxable","13":"shipping-taxable","14":"purchasable","15":"product-type-simple"},"yoast_head":"<!-- This site is optimized with the Yoast SEO plugin v27.5 - https:\/\/yoast.com\/product\/yoast-seo-wordpress\/ -->\n<title>R. M. Williams Skokr\u00e4m Svart - SKOMAKAREN.SE<\/title>\n<meta name=\"robots\" content=\"index, follow, max-snippet:-1, max-image-preview:large, max-video-preview:-1\" \/>\n<link rel=\"canonical\" href=\"https:\/\/www.skomakaren.se\/en\/produkt\/r-m-williams-skokram\/\" \/>\n<meta property=\"og:locale\" content=\"en_US\" \/>\n<meta property=\"og:type\" content=\"article\" \/>\n<meta property=\"og:title\" content=\"R. M. Williams Skokr\u00e4m Svart - SKOMAKAREN.SE\" \/>\n<meta property=\"og:description\" content=\"Skokr\u00e4m fr\u00e5n R. M. Williams F\u00e4rg : Svart\" \/>\n<meta property=\"og:url\" content=\"https:\/\/www.skomakaren.se\/en\/produkt\/r-m-williams-skokram\/\" \/>\n<meta property=\"og:site_name\" content=\"SKOMAKAREN.SE\" \/>\n<meta property=\"article:modified_time\" content=\"2024-09-29T08:17:31+00:00\" \/>\n<meta property=\"og:image\" content=\"https:\/\/www.skomakaren.se\/wp-content\/uploads\/2024\/09\/CC244_BP0201070M_Boot-Polish_Black.jpg\" \/>\n\t<meta property=\"og:image:width\" content=\"1100\" \/>\n\t<meta property=\"og:image:height\" content=\"1100\" \/>\n\t<meta property=\"og:image:type\" content=\"image\/jpeg\" \/>\n<meta name=\"twitter:card\" content=\"summary_large_image\" \/>\n<meta name=\"twitter:label1\" content=\"Est. reading time\" \/>\n\t<meta name=\"twitter:data1\" content=\"1 minute\" \/>\n<script type=\"application\/ld+json\" class=\"yoast-schema-graph\">{\"@context\":\"https:\\\/\\\/schema.org\",\"@graph\":[{\"@type\":\"WebPage\",\"@id\":\"https:\\\/\\\/www.skomakaren.se\\\/en\\\/produkt\\\/r-m-williams-skokram\\\/\",\"url\":\"https:\\\/\\\/www.skomakaren.se\\\/en\\\/produkt\\\/r-m-williams-skokram\\\/\",\"name\":\"R. M. Williams Skokr\u00e4m Svart - SKOMAKAREN.SE\",\"isPartOf\":{\"@id\":\"https:\\\/\\\/www.skomakaren.se\\\/en\\\/#website\"},\"primaryImageOfPage\":{\"@id\":\"https:\\\/\\\/www.skomakaren.se\\\/en\\\/produkt\\\/r-m-williams-skokram\\\/#primaryimage\"},\"image\":{\"@id\":\"https:\\\/\\\/www.skomakaren.se\\\/en\\\/produkt\\\/r-m-williams-skokram\\\/#primaryimage\"},\"thumbnailUrl\":\"https:\\\/\\\/www.skomakaren.se\\\/wp-content\\\/uploads\\\/2024\\\/09\\\/CC244_BP0201070M_Boot-Polish_Black.jpg\",\"datePublished\":\"2024-09-19T16:49:08+00:00\",\"dateModified\":\"2024-09-29T08:17:31+00:00\",\"breadcrumb\":{\"@id\":\"https:\\\/\\\/www.skomakaren.se\\\/en\\\/produkt\\\/r-m-williams-skokram\\\/#breadcrumb\"},\"inLanguage\":\"en-US\",\"potentialAction\":[{\"@type\":\"ReadAction\",\"target\":[\"https:\\\/\\\/www.skomakaren.se\\\/en\\\/produkt\\\/r-m-williams-skokram\\\/\"]}]},{\"@type\":\"ImageObject\",\"inLanguage\":\"en-US\",\"@id\":\"https:\\\/\\\/www.skomakaren.se\\\/en\\\/produkt\\\/r-m-williams-skokram\\\/#primaryimage\",\"url\":\"https:\\\/\\\/www.skomakaren.se\\\/wp-content\\\/uploads\\\/2024\\\/09\\\/CC244_BP0201070M_Boot-Polish_Black.jpg\",\"contentUrl\":\"https:\\\/\\\/www.skomakaren.se\\\/wp-content\\\/uploads\\\/2024\\\/09\\\/CC244_BP0201070M_Boot-Polish_Black.jpg\",\"width\":1100,\"height\":1100},{\"@type\":\"BreadcrumbList\",\"@id\":\"https:\\\/\\\/www.skomakaren.se\\\/en\\\/produkt\\\/r-m-williams-skokram\\\/#breadcrumb\",\"itemListElement\":[{\"@type\":\"ListItem\",\"position\":1,\"name\":\"Hem\",\"item\":\"https:\\\/\\\/www.skomakaren.se\\\/en\\\/\"},{\"@type\":\"ListItem\",\"position\":2,\"name\":\"Webbutik\",\"item\":\"https:\\\/\\\/www.skomakaren.se\\\/butik\\\/\"},{\"@type\":\"ListItem\",\"position\":3,\"name\":\"R. M. Williams Skokr\u00e4m Svart\"}]},{\"@type\":\"WebSite\",\"@id\":\"https:\\\/\\\/www.skomakaren.se\\\/en\\\/#website\",\"url\":\"https:\\\/\\\/www.skomakaren.se\\\/en\\\/\",\"name\":\"SKOMAKAREN.SE\",\"description\":\"HANSSON BROTHERS\",\"publisher\":{\"@id\":\"https:\\\/\\\/www.skomakaren.se\\\/en\\\/#organization\"},\"alternateName\":\"Skomakaren\",\"potentialAction\":[{\"@type\":\"SearchAction\",\"target\":{\"@type\":\"EntryPoint\",\"urlTemplate\":\"https:\\\/\\\/www.skomakaren.se\\\/en\\\/?s={search_term_string}\"},\"query-input\":{\"@type\":\"PropertyValueSpecification\",\"valueRequired\":true,\"valueName\":\"search_term_string\"}}],\"inLanguage\":\"en-US\"},{\"@type\":\"Organization\",\"@id\":\"https:\\\/\\\/www.skomakaren.se\\\/en\\\/#organization\",\"name\":\"SKOMAKAREN.SE\",\"url\":\"https:\\\/\\\/www.skomakaren.se\\\/en\\\/\",\"logo\":{\"@type\":\"ImageObject\",\"inLanguage\":\"en-US\",\"@id\":\"https:\\\/\\\/www.skomakaren.se\\\/en\\\/#\\\/schema\\\/logo\\\/image\\\/\",\"url\":\"https:\\\/\\\/www.skomakaren.se\\\/wp-content\\\/uploads\\\/2024\\\/09\\\/cropped-cropped-hansson-b.png\",\"contentUrl\":\"https:\\\/\\\/www.skomakaren.se\\\/wp-content\\\/uploads\\\/2024\\\/09\\\/cropped-cropped-hansson-b.png\",\"width\":240,\"height\":240,\"caption\":\"SKOMAKAREN.SE\"},\"image\":{\"@id\":\"https:\\\/\\\/www.skomakaren.se\\\/en\\\/#\\\/schema\\\/logo\\\/image\\\/\"}}]}<\/script>\n<!-- \/ Yoast SEO plugin. -->","yoast_head_json":{"title":"R. M. Williams Skokr\u00e4m Svart - SKOMAKAREN.SE","robots":{"index":"index","follow":"follow","max-snippet":"max-snippet:-1","max-image-preview":"max-image-preview:large","max-video-preview":"max-video-preview:-1"},"canonical":"https:\/\/www.skomakaren.se\/en\/produkt\/r-m-williams-skokram\/","og_locale":"en_US","og_type":"article","og_title":"R. M. Williams Skokr\u00e4m Svart - SKOMAKAREN.SE","og_description":"Skokr\u00e4m fr\u00e5n R. M. Williams F\u00e4rg : Svart","og_url":"https:\/\/www.skomakaren.se\/en\/produkt\/r-m-williams-skokram\/","og_site_name":"SKOMAKAREN.SE","article_modified_time":"2024-09-29T08:17:31+00:00","og_image":[{"width":1100,"height":1100,"url":"https:\/\/www.skomakaren.se\/wp-content\/uploads\/2024\/09\/CC244_BP0201070M_Boot-Polish_Black.jpg","type":"image\/jpeg"}],"twitter_card":"summary_large_image","twitter_misc":{"Est. reading time":"1 minute"},"schema":{"@context":"https:\/\/schema.org","@graph":[{"@type":"WebPage","@id":"https:\/\/www.skomakaren.se\/en\/produkt\/r-m-williams-skokram\/","url":"https:\/\/www.skomakaren.se\/en\/produkt\/r-m-williams-skokram\/","name":"R. M. Williams Skokr\u00e4m Svart - SKOMAKAREN.SE","isPartOf":{"@id":"https:\/\/www.skomakaren.se\/en\/#website"},"primaryImageOfPage":{"@id":"https:\/\/www.skomakaren.se\/en\/produkt\/r-m-williams-skokram\/#primaryimage"},"image":{"@id":"https:\/\/www.skomakaren.se\/en\/produkt\/r-m-williams-skokram\/#primaryimage"},"thumbnailUrl":"https:\/\/www.skomakaren.se\/wp-content\/uploads\/2024\/09\/CC244_BP0201070M_Boot-Polish_Black.jpg","datePublished":"2024-09-19T16:49:08+00:00","dateModified":"2024-09-29T08:17:31+00:00","breadcrumb":{"@id":"https:\/\/www.skomakaren.se\/en\/produkt\/r-m-williams-skokram\/#breadcrumb"},"inLanguage":"en-US","potentialAction":[{"@type":"ReadAction","target":["https:\/\/www.skomakaren.se\/en\/produkt\/r-m-williams-skokram\/"]}]},{"@type":"ImageObject","inLanguage":"en-US","@id":"https:\/\/www.skomakaren.se\/en\/produkt\/r-m-williams-skokram\/#primaryimage","url":"https:\/\/www.skomakaren.se\/wp-content\/uploads\/2024\/09\/CC244_BP0201070M_Boot-Polish_Black.jpg","contentUrl":"https:\/\/www.skomakaren.se\/wp-content\/uploads\/2024\/09\/CC244_BP0201070M_Boot-Polish_Black.jpg","width":1100,"height":1100},{"@type":"BreadcrumbList","@id":"https:\/\/www.skomakaren.se\/en\/produkt\/r-m-williams-skokram\/#breadcrumb","itemListElement":[{"@type":"ListItem","position":1,"name":"Hem","item":"https:\/\/www.skomakaren.se\/en\/"},{"@type":"ListItem","position":2,"name":"Webbutik","item":"https:\/\/www.skomakaren.se\/butik\/"},{"@type":"ListItem","position":3,"name":"R. M. Williams Skokr\u00e4m Svart"}]},{"@type":"WebSite","@id":"https:\/\/www.skomakaren.se\/en\/#website","url":"https:\/\/www.skomakaren.se\/en\/","name":"SKOMAKAREN.SE","description":"HANSSON BROTHERS","publisher":{"@id":"https:\/\/www.skomakaren.se\/en\/#organization"},"alternateName":"Skomakaren","potentialAction":[{"@type":"SearchAction","target":{"@type":"EntryPoint","urlTemplate":"https:\/\/www.skomakaren.se\/en\/?s={search_term_string}"},"query-input":{"@type":"PropertyValueSpecification","valueRequired":true,"valueName":"search_term_string"}}],"inLanguage":"en-US"},{"@type":"Organization","@id":"https:\/\/www.skomakaren.se\/en\/#organization","name":"SKOMAKAREN.SE","url":"https:\/\/www.skomakaren.se\/en\/","logo":{"@type":"ImageObject","inLanguage":"en-US","@id":"https:\/\/www.skomakaren.se\/en\/#\/schema\/logo\/image\/","url":"https:\/\/www.skomakaren.se\/wp-content\/uploads\/2024\/09\/cropped-cropped-hansson-b.png","contentUrl":"https:\/\/www.skomakaren.se\/wp-content\/uploads\/2024\/09\/cropped-cropped-hansson-b.png","width":240,"height":240,"caption":"SKOMAKAREN.SE"},"image":{"@id":"https:\/\/www.skomakaren.se\/en\/#\/schema\/logo\/image\/"}}]}},"_links":{"self":[{"href":"https:\/\/www.skomakaren.se\/en\/wp-json\/wp\/v2\/product\/34036","targetHints":{"allow":["GET"]}}],"collection":[{"href":"https:\/\/www.skomakaren.se\/en\/wp-json\/wp\/v2\/product"}],"about":[{"href":"https:\/\/www.skomakaren.se\/en\/wp-json\/wp\/v2\/types\/product"}],"replies":[{"embeddable":true,"href":"https:\/\/www.skomakaren.se\/en\/wp-json\/wp\/v2\/comments?post=34036"}],"wp:featuredmedia":[{"embeddable":true,"href":"https:\/\/www.skomakaren.se\/en\/wp-json\/wp\/v2\/media\/34236"}],"wp:attachment":[{"href":"https:\/\/www.skomakaren.se\/en\/wp-json\/wp\/v2\/media?parent=34036"}],"wp:term":[{"taxonomy":"product_brand","embeddable":true,"href":"https:\/\/www.skomakaren.se\/en\/wp-json\/wp\/v2\/product_brand?post=34036"},{"taxonomy":"product_cat","embeddable":true,"href":"https:\/\/www.skomakaren.se\/en\/wp-json\/wp\/v2\/product_cat?post=34036"},{"taxonomy":"product_tag","embeddable":true,"href":"https:\/\/www.skomakaren.se\/en\/wp-json\/wp\/v2\/product_tag?post=34036"}],"curies":[{"name":"wp","href":"https:\/\/api.w.org\/{rel}","templated":true}]}}