{"id":33478,"date":"2024-08-16T15:56:42","date_gmt":"2024-08-16T13:56:42","guid":{"rendered":"https:\/\/www.skomakaren.se\/?post_type=product&#038;p=33478"},"modified":"2026-05-08T15:32:51","modified_gmt":"2026-05-08T13:32:51","slug":"olhallare","status":"publish","type":"product","link":"https:\/\/www.skomakaren.se\/en\/produkt\/olhallare\/","title":{"rendered":"\u00d6lh\u00e5llare"},"content":{"rendered":"<p>Tillverkad av buffelskinn.<br \/>\nPlats f\u00f6r sex flaskor.<\/p>\n<p>Perfekt att ta med sig p\u00e5 picknicken.<\/p>\n","protected":false},"excerpt":{"rendered":"<p>Tillverkad av buffelskinn.<br \/>\nPlats f\u00f6r sex flaskor.<\/p>\n<p>Perfekt att ta med sig p\u00e5 picknicken.<\/p>\n","protected":false},"featured_media":33491,"comment_status":"open","ping_status":"closed","template":"","meta":[],"product_brand":[],"product_cat":[508,505],"product_tag":[],"class_list":{"0":"post-33478","1":"product","2":"type-product","3":"status-publish","4":"has-post-thumbnail","6":"product_cat-accessoarer","7":"product_cat-ladervaror","8":"product_shipping_class-sweden","10":"first","11":"outofstock","12":"taxable","13":"shipping-taxable","14":"purchasable","15":"product-type-simple"},"yoast_head":"<!-- This site is optimized with the Yoast SEO plugin v27.6 - https:\/\/yoast.com\/product\/yoast-seo-wordpress\/ -->\n<title>\u00d6lh\u00e5llare - SKOMAKAREN.SE<\/title>\n<meta name=\"robots\" content=\"index, follow, max-snippet:-1, max-image-preview:large, max-video-preview:-1\" \/>\n<link rel=\"canonical\" href=\"https:\/\/www.skomakaren.se\/en\/produkt\/olhallare\/\" \/>\n<meta property=\"og:locale\" content=\"en_US\" \/>\n<meta property=\"og:type\" content=\"article\" \/>\n<meta property=\"og:title\" content=\"\u00d6lh\u00e5llare - SKOMAKAREN.SE\" \/>\n<meta property=\"og:description\" content=\"Tillverkad av buffelskinn. Plats f\u00f6r sex flaskor.  Perfekt att ta med sig p\u00e5 picknicken.\" \/>\n<meta property=\"og:url\" content=\"https:\/\/www.skomakaren.se\/en\/produkt\/olhallare\/\" \/>\n<meta property=\"og:site_name\" content=\"SKOMAKAREN.SE\" \/>\n<meta property=\"article:modified_time\" content=\"2026-05-08T13:32:51+00:00\" \/>\n<meta property=\"og:image\" content=\"https:\/\/www.skomakaren.se\/wp-content\/uploads\/2024\/08\/IMG_9684.jpg\" \/>\n\t<meta property=\"og:image:width\" content=\"1536\" \/>\n\t<meta property=\"og:image:height\" content=\"2049\" \/>\n\t<meta property=\"og:image:type\" content=\"image\/jpeg\" \/>\n<meta name=\"twitter:card\" content=\"summary_large_image\" \/>\n<meta name=\"twitter:label1\" content=\"Est. reading time\" \/>\n\t<meta name=\"twitter:data1\" content=\"1 minute\" \/>\n<script type=\"application\/ld+json\" class=\"yoast-schema-graph\">{\"@context\":\"https:\\\/\\\/schema.org\",\"@graph\":[{\"@type\":\"WebPage\",\"@id\":\"https:\\\/\\\/www.skomakaren.se\\\/en\\\/produkt\\\/olhallare\\\/\",\"url\":\"https:\\\/\\\/www.skomakaren.se\\\/en\\\/produkt\\\/olhallare\\\/\",\"name\":\"\u00d6lh\u00e5llare - SKOMAKAREN.SE\",\"isPartOf\":{\"@id\":\"https:\\\/\\\/www.skomakaren.se\\\/en\\\/#website\"},\"primaryImageOfPage\":{\"@id\":\"https:\\\/\\\/www.skomakaren.se\\\/en\\\/produkt\\\/olhallare\\\/#primaryimage\"},\"image\":{\"@id\":\"https:\\\/\\\/www.skomakaren.se\\\/en\\\/produkt\\\/olhallare\\\/#primaryimage\"},\"thumbnailUrl\":\"https:\\\/\\\/www.skomakaren.se\\\/wp-content\\\/uploads\\\/2024\\\/08\\\/IMG_9684.jpg\",\"datePublished\":\"2024-08-16T13:56:42+00:00\",\"dateModified\":\"2026-05-08T13:32:51+00:00\",\"breadcrumb\":{\"@id\":\"https:\\\/\\\/www.skomakaren.se\\\/en\\\/produkt\\\/olhallare\\\/#breadcrumb\"},\"inLanguage\":\"en-US\",\"potentialAction\":[{\"@type\":\"ReadAction\",\"target\":[\"https:\\\/\\\/www.skomakaren.se\\\/en\\\/produkt\\\/olhallare\\\/\"]}]},{\"@type\":\"ImageObject\",\"inLanguage\":\"en-US\",\"@id\":\"https:\\\/\\\/www.skomakaren.se\\\/en\\\/produkt\\\/olhallare\\\/#primaryimage\",\"url\":\"https:\\\/\\\/www.skomakaren.se\\\/wp-content\\\/uploads\\\/2024\\\/08\\\/IMG_9684.jpg\",\"contentUrl\":\"https:\\\/\\\/www.skomakaren.se\\\/wp-content\\\/uploads\\\/2024\\\/08\\\/IMG_9684.jpg\",\"width\":1536,\"height\":2049},{\"@type\":\"BreadcrumbList\",\"@id\":\"https:\\\/\\\/www.skomakaren.se\\\/en\\\/produkt\\\/olhallare\\\/#breadcrumb\",\"itemListElement\":[{\"@type\":\"ListItem\",\"position\":1,\"name\":\"Hem\",\"item\":\"https:\\\/\\\/www.skomakaren.se\\\/en\\\/\"},{\"@type\":\"ListItem\",\"position\":2,\"name\":\"Webbutik\",\"item\":\"https:\\\/\\\/www.skomakaren.se\\\/butik\\\/\"},{\"@type\":\"ListItem\",\"position\":3,\"name\":\"\u00d6lh\u00e5llare\"}]},{\"@type\":\"WebSite\",\"@id\":\"https:\\\/\\\/www.skomakaren.se\\\/en\\\/#website\",\"url\":\"https:\\\/\\\/www.skomakaren.se\\\/en\\\/\",\"name\":\"SKOMAKAREN.SE\",\"description\":\"HANSSON BROTHERS\",\"publisher\":{\"@id\":\"https:\\\/\\\/www.skomakaren.se\\\/en\\\/#organization\"},\"alternateName\":\"Skomakaren\",\"potentialAction\":[{\"@type\":\"SearchAction\",\"target\":{\"@type\":\"EntryPoint\",\"urlTemplate\":\"https:\\\/\\\/www.skomakaren.se\\\/en\\\/?s={search_term_string}\"},\"query-input\":{\"@type\":\"PropertyValueSpecification\",\"valueRequired\":true,\"valueName\":\"search_term_string\"}}],\"inLanguage\":\"en-US\"},{\"@type\":\"Organization\",\"@id\":\"https:\\\/\\\/www.skomakaren.se\\\/en\\\/#organization\",\"name\":\"SKOMAKAREN.SE\",\"url\":\"https:\\\/\\\/www.skomakaren.se\\\/en\\\/\",\"logo\":{\"@type\":\"ImageObject\",\"inLanguage\":\"en-US\",\"@id\":\"https:\\\/\\\/www.skomakaren.se\\\/en\\\/#\\\/schema\\\/logo\\\/image\\\/\",\"url\":\"https:\\\/\\\/www.skomakaren.se\\\/wp-content\\\/uploads\\\/2024\\\/09\\\/cropped-cropped-hansson-b.png\",\"contentUrl\":\"https:\\\/\\\/www.skomakaren.se\\\/wp-content\\\/uploads\\\/2024\\\/09\\\/cropped-cropped-hansson-b.png\",\"width\":240,\"height\":240,\"caption\":\"SKOMAKAREN.SE\"},\"image\":{\"@id\":\"https:\\\/\\\/www.skomakaren.se\\\/en\\\/#\\\/schema\\\/logo\\\/image\\\/\"}}]}<\/script>\n<!-- \/ Yoast SEO plugin. -->","yoast_head_json":{"title":"\u00d6lh\u00e5llare - SKOMAKAREN.SE","robots":{"index":"index","follow":"follow","max-snippet":"max-snippet:-1","max-image-preview":"max-image-preview:large","max-video-preview":"max-video-preview:-1"},"canonical":"https:\/\/www.skomakaren.se\/en\/produkt\/olhallare\/","og_locale":"en_US","og_type":"article","og_title":"\u00d6lh\u00e5llare - SKOMAKAREN.SE","og_description":"Tillverkad av buffelskinn. Plats f\u00f6r sex flaskor.  Perfekt att ta med sig p\u00e5 picknicken.","og_url":"https:\/\/www.skomakaren.se\/en\/produkt\/olhallare\/","og_site_name":"SKOMAKAREN.SE","article_modified_time":"2026-05-08T13:32:51+00:00","og_image":[{"width":1536,"height":2049,"url":"https:\/\/www.skomakaren.se\/wp-content\/uploads\/2024\/08\/IMG_9684.jpg","type":"image\/jpeg"}],"twitter_card":"summary_large_image","twitter_misc":{"Est. reading time":"1 minute"},"schema":{"@context":"https:\/\/schema.org","@graph":[{"@type":"WebPage","@id":"https:\/\/www.skomakaren.se\/en\/produkt\/olhallare\/","url":"https:\/\/www.skomakaren.se\/en\/produkt\/olhallare\/","name":"\u00d6lh\u00e5llare - SKOMAKAREN.SE","isPartOf":{"@id":"https:\/\/www.skomakaren.se\/en\/#website"},"primaryImageOfPage":{"@id":"https:\/\/www.skomakaren.se\/en\/produkt\/olhallare\/#primaryimage"},"image":{"@id":"https:\/\/www.skomakaren.se\/en\/produkt\/olhallare\/#primaryimage"},"thumbnailUrl":"https:\/\/www.skomakaren.se\/wp-content\/uploads\/2024\/08\/IMG_9684.jpg","datePublished":"2024-08-16T13:56:42+00:00","dateModified":"2026-05-08T13:32:51+00:00","breadcrumb":{"@id":"https:\/\/www.skomakaren.se\/en\/produkt\/olhallare\/#breadcrumb"},"inLanguage":"en-US","potentialAction":[{"@type":"ReadAction","target":["https:\/\/www.skomakaren.se\/en\/produkt\/olhallare\/"]}]},{"@type":"ImageObject","inLanguage":"en-US","@id":"https:\/\/www.skomakaren.se\/en\/produkt\/olhallare\/#primaryimage","url":"https:\/\/www.skomakaren.se\/wp-content\/uploads\/2024\/08\/IMG_9684.jpg","contentUrl":"https:\/\/www.skomakaren.se\/wp-content\/uploads\/2024\/08\/IMG_9684.jpg","width":1536,"height":2049},{"@type":"BreadcrumbList","@id":"https:\/\/www.skomakaren.se\/en\/produkt\/olhallare\/#breadcrumb","itemListElement":[{"@type":"ListItem","position":1,"name":"Hem","item":"https:\/\/www.skomakaren.se\/en\/"},{"@type":"ListItem","position":2,"name":"Webbutik","item":"https:\/\/www.skomakaren.se\/butik\/"},{"@type":"ListItem","position":3,"name":"\u00d6lh\u00e5llare"}]},{"@type":"WebSite","@id":"https:\/\/www.skomakaren.se\/en\/#website","url":"https:\/\/www.skomakaren.se\/en\/","name":"SKOMAKAREN.SE","description":"HANSSON BROTHERS","publisher":{"@id":"https:\/\/www.skomakaren.se\/en\/#organization"},"alternateName":"Skomakaren","potentialAction":[{"@type":"SearchAction","target":{"@type":"EntryPoint","urlTemplate":"https:\/\/www.skomakaren.se\/en\/?s={search_term_string}"},"query-input":{"@type":"PropertyValueSpecification","valueRequired":true,"valueName":"search_term_string"}}],"inLanguage":"en-US"},{"@type":"Organization","@id":"https:\/\/www.skomakaren.se\/en\/#organization","name":"SKOMAKAREN.SE","url":"https:\/\/www.skomakaren.se\/en\/","logo":{"@type":"ImageObject","inLanguage":"en-US","@id":"https:\/\/www.skomakaren.se\/en\/#\/schema\/logo\/image\/","url":"https:\/\/www.skomakaren.se\/wp-content\/uploads\/2024\/09\/cropped-cropped-hansson-b.png","contentUrl":"https:\/\/www.skomakaren.se\/wp-content\/uploads\/2024\/09\/cropped-cropped-hansson-b.png","width":240,"height":240,"caption":"SKOMAKAREN.SE"},"image":{"@id":"https:\/\/www.skomakaren.se\/en\/#\/schema\/logo\/image\/"}}]}},"_links":{"self":[{"href":"https:\/\/www.skomakaren.se\/en\/wp-json\/wp\/v2\/product\/33478","targetHints":{"allow":["GET"]}}],"collection":[{"href":"https:\/\/www.skomakaren.se\/en\/wp-json\/wp\/v2\/product"}],"about":[{"href":"https:\/\/www.skomakaren.se\/en\/wp-json\/wp\/v2\/types\/product"}],"replies":[{"embeddable":true,"href":"https:\/\/www.skomakaren.se\/en\/wp-json\/wp\/v2\/comments?post=33478"}],"wp:featuredmedia":[{"embeddable":true,"href":"https:\/\/www.skomakaren.se\/en\/wp-json\/wp\/v2\/media\/33491"}],"wp:attachment":[{"href":"https:\/\/www.skomakaren.se\/en\/wp-json\/wp\/v2\/media?parent=33478"}],"wp:term":[{"taxonomy":"product_brand","embeddable":true,"href":"https:\/\/www.skomakaren.se\/en\/wp-json\/wp\/v2\/product_brand?post=33478"},{"taxonomy":"product_cat","embeddable":true,"href":"https:\/\/www.skomakaren.se\/en\/wp-json\/wp\/v2\/product_cat?post=33478"},{"taxonomy":"product_tag","embeddable":true,"href":"https:\/\/www.skomakaren.se\/en\/wp-json\/wp\/v2\/product_tag?post=33478"}],"curies":[{"name":"wp","href":"https:\/\/api.w.org\/{rel}","templated":true}]}}