{"id":1119,"date":"2018-04-23T16:13:29","date_gmt":"2018-04-23T14:13:29","guid":{"rendered":"https:\/\/dev.skomakaren.se\/?post_type=product&#038;p=1119"},"modified":"2026-01-17T10:45:39","modified_gmt":"2026-01-17T09:45:39","slug":"craftsman-chestnut","status":"publish","type":"product","link":"https:\/\/www.skomakaren.se\/en\/produkt\/craftsman-chestnut\/","title":{"rendered":"R.M. Williams Craftsman \u2013 Chestnut"},"content":{"rendered":"\n<div class=\"wp-block-columns is-layout-flex wp-container-core-columns-is-layout-9d6595d7 wp-block-columns-is-layout-flex\">\n<div class=\"wp-block-column is-layout-flow wp-block-column-is-layout-flow\" style=\"flex-basis:33.33%\">\n<figure class=\"wp-block-video\"><video height=\"800\" style=\"aspect-ratio: 694 \/ 800;\" width=\"694\" autoplay controls loop src=\"https:\/\/www.skomakaren.se\/wp-content\/uploads\/2018\/04\/LOOK-21_B543Y41FCW_CRAFTSMAN.mp4\"><\/video><\/figure>\n<\/div>\n\n\n\n<div class=\"wp-block-column is-layout-flow wp-block-column-is-layout-flow\" style=\"flex-basis:66.66%\">\n<p><strong>The Craftsman Yearling Boot is the iconic RM Williams Boot. <\/strong><\/p>\n\n\n\n<p>Hand-crafted from a singular piece of yearling leather, the boot undergoes over 80 handheld processes. <br><br>The unique, one piece leather design ensures there is only one seam at the back of the boot.<br>The Craftsman Yearling has a leather upper, leather innersole and Goodyear welted leather sole. <br><br>The welt stitching uses hot wax dipped thread for added durability and strength. <br>A granulated corkalene filler offers increased cushioning between the insole and outer sole. <br><br>These boots are suitable for dress and light work.<\/p>\n<\/div>\n<\/div>\n","protected":false},"excerpt":{"rendered":"<p>-Mejslad t\u00e5<br \/>-Yearling skinn<br \/>-Randsydd<br \/>-L\u00e4derfodrad<br \/>-L\u00e4der yttersula<br \/>-Dubbla elastiska res\u00e5r<br \/>-Tillverkad av ett stycke l\u00e4der<br \/>-Tillverkad i Australien<\/p>\n<p>Storlekar Unisex 3-11. <br \/>Bredd G. Normalbredd.<\/p>\n<p>Ring oss om din storlek fattas p\u00e5 040- 97 11 17.<br \/>Eller skriv ett mail till info@skomakaren.se<\/p>\n","protected":false},"featured_media":1671,"comment_status":"open","ping_status":"closed","template":"","meta":[],"product_brand":[],"product_cat":[543,63,545,239,237,525,528,61,227,59],"product_tag":[65,241,69,67],"class_list":{"0":"post-1119","1":"product","2":"type-product","3":"status-publish","4":"has-post-thumbnail","6":"product_cat-r-m-williams-herrskor-boots","7":"product_cat-boots","8":"product_cat-r-m-williams-damskor-boots","9":"product_cat-boots-damskor","10":"product_cat-damskor","11":"product_cat-damskor-r-m-williams","12":"product_cat-herrskor-r-m-williams","13":"product_cat-herrskor","14":"product_cat-r-m-williams","15":"product_cat-skor","16":"product_tag-boots","17":"product_tag-damskor","18":"product_tag-herrskor","19":"product_tag-skor","21":"first","22":"instock","23":"taxable","24":"shipping-taxable","25":"purchasable","26":"product-type-variable"},"yoast_head":"<!-- This site is optimized with the Yoast SEO plugin v27.5 - https:\/\/yoast.com\/product\/yoast-seo-wordpress\/ -->\n<title>R.M. Williams Craftsman \u2013 Chestnut - SKOMAKAREN.SE<\/title>\n<meta name=\"robots\" content=\"index, follow, max-snippet:-1, max-image-preview:large, max-video-preview:-1\" \/>\n<link rel=\"canonical\" href=\"https:\/\/www.skomakaren.se\/en\/produkt\/craftsman-chestnut\/\" \/>\n<meta property=\"og:locale\" content=\"en_US\" \/>\n<meta property=\"og:type\" content=\"article\" \/>\n<meta property=\"og:title\" content=\"R.M. Williams Craftsman \u2013 Chestnut - SKOMAKAREN.SE\" \/>\n<meta property=\"og:description\" content=\"-Mejslad t\u00e5-Yearling skinn-Randsydd-L\u00e4derfodrad-L\u00e4der yttersula-Dubbla elastiska res\u00e5r-Tillverkad av ett stycke l\u00e4der-Tillverkad i Australien Storlekar Unisex 3-11. Bredd G. Normalbredd.Ring oss om din storlek fattas p\u00e5 040- 97 11 17.Eller skriv ett mail till info@skomakaren.se\" \/>\n<meta property=\"og:url\" content=\"https:\/\/www.skomakaren.se\/en\/produkt\/craftsman-chestnut\/\" \/>\n<meta property=\"og:site_name\" content=\"SKOMAKAREN.SE\" \/>\n<meta property=\"article:modified_time\" content=\"2026-01-17T09:45:39+00:00\" \/>\n<meta property=\"og:image\" content=\"https:\/\/www.skomakaren.se\/wp-content\/uploads\/2018\/04\/craftsman-chestnut01.jpg\" \/>\n\t<meta property=\"og:image:width\" content=\"1100\" \/>\n\t<meta property=\"og:image:height\" content=\"1100\" \/>\n\t<meta property=\"og:image:type\" content=\"image\/jpeg\" \/>\n<meta name=\"twitter:card\" content=\"summary_large_image\" \/>\n<meta name=\"twitter:label1\" content=\"Est. reading time\" \/>\n\t<meta name=\"twitter:data1\" content=\"1 minute\" \/>\n<script type=\"application\/ld+json\" class=\"yoast-schema-graph\">{\"@context\":\"https:\\\/\\\/schema.org\",\"@graph\":[{\"@type\":\"WebPage\",\"@id\":\"https:\\\/\\\/www.skomakaren.se\\\/en\\\/produkt\\\/craftsman-chestnut\\\/\",\"url\":\"https:\\\/\\\/www.skomakaren.se\\\/en\\\/produkt\\\/craftsman-chestnut\\\/\",\"name\":\"R.M. Williams Craftsman \u2013 Chestnut - SKOMAKAREN.SE\",\"isPartOf\":{\"@id\":\"https:\\\/\\\/www.skomakaren.se\\\/en\\\/#website\"},\"primaryImageOfPage\":{\"@id\":\"https:\\\/\\\/www.skomakaren.se\\\/en\\\/produkt\\\/craftsman-chestnut\\\/#primaryimage\"},\"image\":{\"@id\":\"https:\\\/\\\/www.skomakaren.se\\\/en\\\/produkt\\\/craftsman-chestnut\\\/#primaryimage\"},\"thumbnailUrl\":\"https:\\\/\\\/www.skomakaren.se\\\/wp-content\\\/uploads\\\/2018\\\/04\\\/craftsman-chestnut01.jpg\",\"datePublished\":\"2018-04-23T14:13:29+00:00\",\"dateModified\":\"2026-01-17T09:45:39+00:00\",\"breadcrumb\":{\"@id\":\"https:\\\/\\\/www.skomakaren.se\\\/en\\\/produkt\\\/craftsman-chestnut\\\/#breadcrumb\"},\"inLanguage\":\"en-US\",\"potentialAction\":[{\"@type\":\"ReadAction\",\"target\":[\"https:\\\/\\\/www.skomakaren.se\\\/en\\\/produkt\\\/craftsman-chestnut\\\/\"]}]},{\"@type\":\"ImageObject\",\"inLanguage\":\"en-US\",\"@id\":\"https:\\\/\\\/www.skomakaren.se\\\/en\\\/produkt\\\/craftsman-chestnut\\\/#primaryimage\",\"url\":\"https:\\\/\\\/www.skomakaren.se\\\/wp-content\\\/uploads\\\/2018\\\/04\\\/craftsman-chestnut01.jpg\",\"contentUrl\":\"https:\\\/\\\/www.skomakaren.se\\\/wp-content\\\/uploads\\\/2018\\\/04\\\/craftsman-chestnut01.jpg\",\"width\":1100,\"height\":1100},{\"@type\":\"BreadcrumbList\",\"@id\":\"https:\\\/\\\/www.skomakaren.se\\\/en\\\/produkt\\\/craftsman-chestnut\\\/#breadcrumb\",\"itemListElement\":[{\"@type\":\"ListItem\",\"position\":1,\"name\":\"Hem\",\"item\":\"https:\\\/\\\/www.skomakaren.se\\\/en\\\/\"},{\"@type\":\"ListItem\",\"position\":2,\"name\":\"Webbutik\",\"item\":\"https:\\\/\\\/www.skomakaren.se\\\/butik\\\/\"},{\"@type\":\"ListItem\",\"position\":3,\"name\":\"R.M. Williams Craftsman \u2013 Chestnut\"}]},{\"@type\":\"WebSite\",\"@id\":\"https:\\\/\\\/www.skomakaren.se\\\/en\\\/#website\",\"url\":\"https:\\\/\\\/www.skomakaren.se\\\/en\\\/\",\"name\":\"SKOMAKAREN.SE\",\"description\":\"HANSSON BROTHERS\",\"publisher\":{\"@id\":\"https:\\\/\\\/www.skomakaren.se\\\/en\\\/#organization\"},\"alternateName\":\"Skomakaren\",\"potentialAction\":[{\"@type\":\"SearchAction\",\"target\":{\"@type\":\"EntryPoint\",\"urlTemplate\":\"https:\\\/\\\/www.skomakaren.se\\\/en\\\/?s={search_term_string}\"},\"query-input\":{\"@type\":\"PropertyValueSpecification\",\"valueRequired\":true,\"valueName\":\"search_term_string\"}}],\"inLanguage\":\"en-US\"},{\"@type\":\"Organization\",\"@id\":\"https:\\\/\\\/www.skomakaren.se\\\/en\\\/#organization\",\"name\":\"SKOMAKAREN.SE\",\"url\":\"https:\\\/\\\/www.skomakaren.se\\\/en\\\/\",\"logo\":{\"@type\":\"ImageObject\",\"inLanguage\":\"en-US\",\"@id\":\"https:\\\/\\\/www.skomakaren.se\\\/en\\\/#\\\/schema\\\/logo\\\/image\\\/\",\"url\":\"https:\\\/\\\/www.skomakaren.se\\\/wp-content\\\/uploads\\\/2024\\\/09\\\/cropped-cropped-hansson-b.png\",\"contentUrl\":\"https:\\\/\\\/www.skomakaren.se\\\/wp-content\\\/uploads\\\/2024\\\/09\\\/cropped-cropped-hansson-b.png\",\"width\":240,\"height\":240,\"caption\":\"SKOMAKAREN.SE\"},\"image\":{\"@id\":\"https:\\\/\\\/www.skomakaren.se\\\/en\\\/#\\\/schema\\\/logo\\\/image\\\/\"}}]}<\/script>\n<!-- \/ Yoast SEO plugin. -->","yoast_head_json":{"title":"R.M. Williams Craftsman \u2013 Chestnut - SKOMAKAREN.SE","robots":{"index":"index","follow":"follow","max-snippet":"max-snippet:-1","max-image-preview":"max-image-preview:large","max-video-preview":"max-video-preview:-1"},"canonical":"https:\/\/www.skomakaren.se\/en\/produkt\/craftsman-chestnut\/","og_locale":"en_US","og_type":"article","og_title":"R.M. Williams Craftsman \u2013 Chestnut - SKOMAKAREN.SE","og_description":"-Mejslad t\u00e5-Yearling skinn-Randsydd-L\u00e4derfodrad-L\u00e4der yttersula-Dubbla elastiska res\u00e5r-Tillverkad av ett stycke l\u00e4der-Tillverkad i Australien Storlekar Unisex 3-11. Bredd G. Normalbredd.Ring oss om din storlek fattas p\u00e5 040- 97 11 17.Eller skriv ett mail till info@skomakaren.se","og_url":"https:\/\/www.skomakaren.se\/en\/produkt\/craftsman-chestnut\/","og_site_name":"SKOMAKAREN.SE","article_modified_time":"2026-01-17T09:45:39+00:00","og_image":[{"width":1100,"height":1100,"url":"https:\/\/www.skomakaren.se\/wp-content\/uploads\/2018\/04\/craftsman-chestnut01.jpg","type":"image\/jpeg"}],"twitter_card":"summary_large_image","twitter_misc":{"Est. reading time":"1 minute"},"schema":{"@context":"https:\/\/schema.org","@graph":[{"@type":"WebPage","@id":"https:\/\/www.skomakaren.se\/en\/produkt\/craftsman-chestnut\/","url":"https:\/\/www.skomakaren.se\/en\/produkt\/craftsman-chestnut\/","name":"R.M. Williams Craftsman \u2013 Chestnut - SKOMAKAREN.SE","isPartOf":{"@id":"https:\/\/www.skomakaren.se\/en\/#website"},"primaryImageOfPage":{"@id":"https:\/\/www.skomakaren.se\/en\/produkt\/craftsman-chestnut\/#primaryimage"},"image":{"@id":"https:\/\/www.skomakaren.se\/en\/produkt\/craftsman-chestnut\/#primaryimage"},"thumbnailUrl":"https:\/\/www.skomakaren.se\/wp-content\/uploads\/2018\/04\/craftsman-chestnut01.jpg","datePublished":"2018-04-23T14:13:29+00:00","dateModified":"2026-01-17T09:45:39+00:00","breadcrumb":{"@id":"https:\/\/www.skomakaren.se\/en\/produkt\/craftsman-chestnut\/#breadcrumb"},"inLanguage":"en-US","potentialAction":[{"@type":"ReadAction","target":["https:\/\/www.skomakaren.se\/en\/produkt\/craftsman-chestnut\/"]}]},{"@type":"ImageObject","inLanguage":"en-US","@id":"https:\/\/www.skomakaren.se\/en\/produkt\/craftsman-chestnut\/#primaryimage","url":"https:\/\/www.skomakaren.se\/wp-content\/uploads\/2018\/04\/craftsman-chestnut01.jpg","contentUrl":"https:\/\/www.skomakaren.se\/wp-content\/uploads\/2018\/04\/craftsman-chestnut01.jpg","width":1100,"height":1100},{"@type":"BreadcrumbList","@id":"https:\/\/www.skomakaren.se\/en\/produkt\/craftsman-chestnut\/#breadcrumb","itemListElement":[{"@type":"ListItem","position":1,"name":"Hem","item":"https:\/\/www.skomakaren.se\/en\/"},{"@type":"ListItem","position":2,"name":"Webbutik","item":"https:\/\/www.skomakaren.se\/butik\/"},{"@type":"ListItem","position":3,"name":"R.M. Williams Craftsman \u2013 Chestnut"}]},{"@type":"WebSite","@id":"https:\/\/www.skomakaren.se\/en\/#website","url":"https:\/\/www.skomakaren.se\/en\/","name":"SKOMAKAREN.SE","description":"HANSSON BROTHERS","publisher":{"@id":"https:\/\/www.skomakaren.se\/en\/#organization"},"alternateName":"Skomakaren","potentialAction":[{"@type":"SearchAction","target":{"@type":"EntryPoint","urlTemplate":"https:\/\/www.skomakaren.se\/en\/?s={search_term_string}"},"query-input":{"@type":"PropertyValueSpecification","valueRequired":true,"valueName":"search_term_string"}}],"inLanguage":"en-US"},{"@type":"Organization","@id":"https:\/\/www.skomakaren.se\/en\/#organization","name":"SKOMAKAREN.SE","url":"https:\/\/www.skomakaren.se\/en\/","logo":{"@type":"ImageObject","inLanguage":"en-US","@id":"https:\/\/www.skomakaren.se\/en\/#\/schema\/logo\/image\/","url":"https:\/\/www.skomakaren.se\/wp-content\/uploads\/2024\/09\/cropped-cropped-hansson-b.png","contentUrl":"https:\/\/www.skomakaren.se\/wp-content\/uploads\/2024\/09\/cropped-cropped-hansson-b.png","width":240,"height":240,"caption":"SKOMAKAREN.SE"},"image":{"@id":"https:\/\/www.skomakaren.se\/en\/#\/schema\/logo\/image\/"}}]}},"_links":{"self":[{"href":"https:\/\/www.skomakaren.se\/en\/wp-json\/wp\/v2\/product\/1119","targetHints":{"allow":["GET"]}}],"collection":[{"href":"https:\/\/www.skomakaren.se\/en\/wp-json\/wp\/v2\/product"}],"about":[{"href":"https:\/\/www.skomakaren.se\/en\/wp-json\/wp\/v2\/types\/product"}],"replies":[{"embeddable":true,"href":"https:\/\/www.skomakaren.se\/en\/wp-json\/wp\/v2\/comments?post=1119"}],"wp:featuredmedia":[{"embeddable":true,"href":"https:\/\/www.skomakaren.se\/en\/wp-json\/wp\/v2\/media\/1671"}],"wp:attachment":[{"href":"https:\/\/www.skomakaren.se\/en\/wp-json\/wp\/v2\/media?parent=1119"}],"wp:term":[{"taxonomy":"product_brand","embeddable":true,"href":"https:\/\/www.skomakaren.se\/en\/wp-json\/wp\/v2\/product_brand?post=1119"},{"taxonomy":"product_cat","embeddable":true,"href":"https:\/\/www.skomakaren.se\/en\/wp-json\/wp\/v2\/product_cat?post=1119"},{"taxonomy":"product_tag","embeddable":true,"href":"https:\/\/www.skomakaren.se\/en\/wp-json\/wp\/v2\/product_tag?post=1119"}],"curies":[{"name":"wp","href":"https:\/\/api.w.org\/{rel}","templated":true}]}}