{"id":35391,"date":"2018-04-20T11:10:11","date_gmt":"2018-04-20T09:10:11","guid":{"rendered":"https:\/\/www.skomakaren.se\/information\/address-opening-hours\/"},"modified":"2018-04-20T11:10:11","modified_gmt":"2018-04-20T09:10:11","slug":"address-opening-hours","status":"publish","type":"page","link":"https:\/\/www.skomakaren.se\/en\/information\/address-opening-hours\/","title":{"rendered":"Address &#038; Opening Hours"},"content":{"rendered":"<div class=\"page-title-txt\" style=\"font-size: 28px; font-weight: 600; padding-bottom: 40px;\">Address &amp;  Opening Hours<\/div>\n<div class=\"row text-center\">\n<div class=\"col-lg-6\"><img decoding=\"async\" class=\"alignnone size-full wp-image-675\" src=\"https:\/\/www.skomakaren.se\/wp-content\/uploads\/2018\/04\/butiken.jpg\" alt=\"\" width=\"100%\" height=\"auto\" srcset=\"https:\/\/www.skomakaren.se\/wp-content\/uploads\/2018\/04\/butiken.jpg 356w, https:\/\/www.skomakaren.se\/wp-content\/uploads\/2018\/04\/butiken-300x215.jpg 300w\" sizes=\"(max-width: 356px) 85vw, 356px\" \/><\/div>\n<div class=\"col-lg-6\">\n<div class=\"\" style=\"font-size: 25px; font-weight: 400; margin-top: -26px; padding-bottom: 30px;\">SKOMAKAREN.SE | HANSSON BROTHERS<\/div>\n<p>S\u00f6dergatan 9 A<br \/>\n211 34 Malm\u00f6<\/p>\n<p>Email:<br \/>\ninfo@skomakaren.se<\/p>\n<p>Telefon:<br \/>\n040-97 11 17<\/p>\n<p>\u00d6PPETTIDER<br \/>\n<span style=\"color: #ff0000;\">Mondays\u00a0 ST\u00c4NGT<\/span><br \/>\nTuesday\u00a0 \u00a010.00 &#8211; 18.00<br \/>\nWednesday\u00a0 \u00a0 10.00 &#8211; <span style=\"color: #ff0000;\">16.00<\/span><br \/>\nThursday &#8211; Fre 10.00 &#8211; 18.00<br \/>\nClosed for lunch on weekdays <span style=\"color: #ff0000;\">14.00 &#8211; 15.00<\/span><br \/>\nSaturday\u00a0 10.00 \u2013 14.00<\/p>\n<\/div>\n<\/div>\n<div class=\"map-skomakaren col-lg-12\"><iframe style=\"border: 0;\" src=\"https:\/\/www.google.com\/maps\/embed?pb=!1m18!1m12!1m3!1d845.7098640121777!2d13.000669957783488!3d55.604971051204195!2m3!1f0!2f0!3f0!3m2!1i1024!2i768!4f13.1!3m3!1m2!1s0x4653a3fdbab51ca3%3A0x5e357d35e726a048!2sCrockett+%26+Jones!5e1!3m2!1sen!2sse!4v1524166026435\" width=\"100%\" height=\"350\" frameborder=\"0\" allowfullscreen=\"allowfullscreen\"><\/iframe><\/div>\n","protected":false},"excerpt":{"rendered":"<p>Address &amp; Opening Hours SKOMAKAREN.SE | HANSSON BROTHERS S\u00f6dergatan 9 A 211 34 Malm\u00f6 Email: info@skomakaren.se Telefon: 040-97 11 17 \u00d6PPETTIDER Mondays\u00a0 ST\u00c4NGT Tuesday\u00a0 \u00a010.00 &#8211; 18.00 Wednesday\u00a0 \u00a0 10.00 &#8211; 16.00 Thursday &#8211; Fre 10.00 &#8211; 18.00 Closed for lunch on weekdays 14.00 &#8211; 15.00 Saturday\u00a0 10.00 \u2013 14.00<\/p>\n","protected":false},"author":5,"featured_media":0,"parent":35371,"menu_order":0,"comment_status":"closed","ping_status":"open","template":"","meta":{"footnotes":""},"class_list":["post-35391","page","type-page","status-publish","hentry"],"yoast_head":"<!-- This site is optimized with the Yoast SEO plugin v27.4 - https:\/\/yoast.com\/product\/yoast-seo-wordpress\/ -->\n<title>Address &amp; Opening Hours - SKOMAKAREN.SE<\/title>\n<meta name=\"description\" content=\"info@skomakaren.se | Address &amp; Opening Hours\" \/>\n<meta name=\"robots\" content=\"index, follow, max-snippet:-1, max-image-preview:large, max-video-preview:-1\" \/>\n<link rel=\"canonical\" href=\"https:\/\/www.skomakaren.se\/en\/information\/address-opening-hours\/\" \/>\n<meta property=\"og:locale\" content=\"en_US\" \/>\n<meta property=\"og:type\" content=\"article\" \/>\n<meta property=\"og:title\" content=\"Address &amp; Opening Hours - SKOMAKAREN.SE\" \/>\n<meta property=\"og:description\" content=\"info@skomakaren.se | Address &amp; Opening Hours\" \/>\n<meta property=\"og:url\" content=\"https:\/\/www.skomakaren.se\/en\/information\/address-opening-hours\/\" \/>\n<meta property=\"og:site_name\" content=\"SKOMAKAREN.SE\" \/>\n<meta property=\"og:image\" content=\"https:\/\/www.skomakaren.se\/wp-content\/uploads\/2018\/04\/butiken.jpg\" \/>\n\t<meta property=\"og:image:width\" content=\"356\" \/>\n\t<meta property=\"og:image:height\" content=\"255\" \/>\n\t<meta property=\"og:image:type\" content=\"image\/jpeg\" \/>\n<meta name=\"twitter:card\" content=\"summary_large_image\" \/>\n<script type=\"application\/ld+json\" class=\"yoast-schema-graph\">{\"@context\":\"https:\\\/\\\/schema.org\",\"@graph\":[{\"@type\":\"WebPage\",\"@id\":\"https:\\\/\\\/www.skomakaren.se\\\/en\\\/information\\\/address-opening-hours\\\/\",\"url\":\"https:\\\/\\\/www.skomakaren.se\\\/en\\\/information\\\/address-opening-hours\\\/\",\"name\":\"Address & Opening Hours - SKOMAKAREN.SE\",\"isPartOf\":{\"@id\":\"https:\\\/\\\/www.skomakaren.se\\\/en\\\/#website\"},\"primaryImageOfPage\":{\"@id\":\"https:\\\/\\\/www.skomakaren.se\\\/en\\\/information\\\/address-opening-hours\\\/#primaryimage\"},\"image\":{\"@id\":\"https:\\\/\\\/www.skomakaren.se\\\/en\\\/information\\\/address-opening-hours\\\/#primaryimage\"},\"thumbnailUrl\":\"https:\\\/\\\/www.skomakaren.se\\\/wp-content\\\/uploads\\\/2018\\\/04\\\/butiken.jpg\",\"datePublished\":\"2018-04-20T09:10:11+00:00\",\"description\":\"info@skomakaren.se | Address & Opening Hours\",\"breadcrumb\":{\"@id\":\"https:\\\/\\\/www.skomakaren.se\\\/en\\\/information\\\/address-opening-hours\\\/#breadcrumb\"},\"inLanguage\":\"en-US\",\"potentialAction\":[{\"@type\":\"ReadAction\",\"target\":[\"https:\\\/\\\/www.skomakaren.se\\\/en\\\/information\\\/address-opening-hours\\\/\"]}]},{\"@type\":\"ImageObject\",\"inLanguage\":\"en-US\",\"@id\":\"https:\\\/\\\/www.skomakaren.se\\\/en\\\/information\\\/address-opening-hours\\\/#primaryimage\",\"url\":\"https:\\\/\\\/www.skomakaren.se\\\/wp-content\\\/uploads\\\/2018\\\/04\\\/butiken.jpg\",\"contentUrl\":\"https:\\\/\\\/www.skomakaren.se\\\/wp-content\\\/uploads\\\/2018\\\/04\\\/butiken.jpg\"},{\"@type\":\"BreadcrumbList\",\"@id\":\"https:\\\/\\\/www.skomakaren.se\\\/en\\\/information\\\/address-opening-hours\\\/#breadcrumb\",\"itemListElement\":[{\"@type\":\"ListItem\",\"position\":1,\"name\":\"Hem\",\"item\":\"https:\\\/\\\/www.skomakaren.se\\\/en\\\/\"},{\"@type\":\"ListItem\",\"position\":2,\"name\":\"Information\",\"item\":\"https:\\\/\\\/www.skomakaren.se\\\/en\\\/information\\\/\"},{\"@type\":\"ListItem\",\"position\":3,\"name\":\"Address &#038; Opening Hours\"}]},{\"@type\":\"WebSite\",\"@id\":\"https:\\\/\\\/www.skomakaren.se\\\/en\\\/#website\",\"url\":\"https:\\\/\\\/www.skomakaren.se\\\/en\\\/\",\"name\":\"SKOMAKAREN.SE\",\"description\":\"HANSSON BROTHERS\",\"publisher\":{\"@id\":\"https:\\\/\\\/www.skomakaren.se\\\/en\\\/#organization\"},\"alternateName\":\"Skomakaren\",\"potentialAction\":[{\"@type\":\"SearchAction\",\"target\":{\"@type\":\"EntryPoint\",\"urlTemplate\":\"https:\\\/\\\/www.skomakaren.se\\\/en\\\/?s={search_term_string}\"},\"query-input\":{\"@type\":\"PropertyValueSpecification\",\"valueRequired\":true,\"valueName\":\"search_term_string\"}}],\"inLanguage\":\"en-US\"},{\"@type\":\"Organization\",\"@id\":\"https:\\\/\\\/www.skomakaren.se\\\/en\\\/#organization\",\"name\":\"SKOMAKAREN.SE\",\"url\":\"https:\\\/\\\/www.skomakaren.se\\\/en\\\/\",\"logo\":{\"@type\":\"ImageObject\",\"inLanguage\":\"en-US\",\"@id\":\"https:\\\/\\\/www.skomakaren.se\\\/en\\\/#\\\/schema\\\/logo\\\/image\\\/\",\"url\":\"https:\\\/\\\/www.skomakaren.se\\\/wp-content\\\/uploads\\\/2024\\\/09\\\/cropped-cropped-hansson-b.png\",\"contentUrl\":\"https:\\\/\\\/www.skomakaren.se\\\/wp-content\\\/uploads\\\/2024\\\/09\\\/cropped-cropped-hansson-b.png\",\"width\":240,\"height\":240,\"caption\":\"SKOMAKAREN.SE\"},\"image\":{\"@id\":\"https:\\\/\\\/www.skomakaren.se\\\/en\\\/#\\\/schema\\\/logo\\\/image\\\/\"}}]}<\/script>\n<!-- \/ Yoast SEO plugin. -->","yoast_head_json":{"title":"Address & Opening Hours - SKOMAKAREN.SE","description":"info@skomakaren.se | Address & Opening Hours","robots":{"index":"index","follow":"follow","max-snippet":"max-snippet:-1","max-image-preview":"max-image-preview:large","max-video-preview":"max-video-preview:-1"},"canonical":"https:\/\/www.skomakaren.se\/en\/information\/address-opening-hours\/","og_locale":"en_US","og_type":"article","og_title":"Address & Opening Hours - SKOMAKAREN.SE","og_description":"info@skomakaren.se | Address & Opening Hours","og_url":"https:\/\/www.skomakaren.se\/en\/information\/address-opening-hours\/","og_site_name":"SKOMAKAREN.SE","og_image":[{"width":356,"height":255,"url":"https:\/\/www.skomakaren.se\/wp-content\/uploads\/2018\/04\/butiken.jpg","type":"image\/jpeg"}],"twitter_card":"summary_large_image","schema":{"@context":"https:\/\/schema.org","@graph":[{"@type":"WebPage","@id":"https:\/\/www.skomakaren.se\/en\/information\/address-opening-hours\/","url":"https:\/\/www.skomakaren.se\/en\/information\/address-opening-hours\/","name":"Address & Opening Hours - SKOMAKAREN.SE","isPartOf":{"@id":"https:\/\/www.skomakaren.se\/en\/#website"},"primaryImageOfPage":{"@id":"https:\/\/www.skomakaren.se\/en\/information\/address-opening-hours\/#primaryimage"},"image":{"@id":"https:\/\/www.skomakaren.se\/en\/information\/address-opening-hours\/#primaryimage"},"thumbnailUrl":"https:\/\/www.skomakaren.se\/wp-content\/uploads\/2018\/04\/butiken.jpg","datePublished":"2018-04-20T09:10:11+00:00","description":"info@skomakaren.se | Address & Opening Hours","breadcrumb":{"@id":"https:\/\/www.skomakaren.se\/en\/information\/address-opening-hours\/#breadcrumb"},"inLanguage":"en-US","potentialAction":[{"@type":"ReadAction","target":["https:\/\/www.skomakaren.se\/en\/information\/address-opening-hours\/"]}]},{"@type":"ImageObject","inLanguage":"en-US","@id":"https:\/\/www.skomakaren.se\/en\/information\/address-opening-hours\/#primaryimage","url":"https:\/\/www.skomakaren.se\/wp-content\/uploads\/2018\/04\/butiken.jpg","contentUrl":"https:\/\/www.skomakaren.se\/wp-content\/uploads\/2018\/04\/butiken.jpg"},{"@type":"BreadcrumbList","@id":"https:\/\/www.skomakaren.se\/en\/information\/address-opening-hours\/#breadcrumb","itemListElement":[{"@type":"ListItem","position":1,"name":"Hem","item":"https:\/\/www.skomakaren.se\/en\/"},{"@type":"ListItem","position":2,"name":"Information","item":"https:\/\/www.skomakaren.se\/en\/information\/"},{"@type":"ListItem","position":3,"name":"Address &#038; Opening Hours"}]},{"@type":"WebSite","@id":"https:\/\/www.skomakaren.se\/en\/#website","url":"https:\/\/www.skomakaren.se\/en\/","name":"SKOMAKAREN.SE","description":"HANSSON BROTHERS","publisher":{"@id":"https:\/\/www.skomakaren.se\/en\/#organization"},"alternateName":"Skomakaren","potentialAction":[{"@type":"SearchAction","target":{"@type":"EntryPoint","urlTemplate":"https:\/\/www.skomakaren.se\/en\/?s={search_term_string}"},"query-input":{"@type":"PropertyValueSpecification","valueRequired":true,"valueName":"search_term_string"}}],"inLanguage":"en-US"},{"@type":"Organization","@id":"https:\/\/www.skomakaren.se\/en\/#organization","name":"SKOMAKAREN.SE","url":"https:\/\/www.skomakaren.se\/en\/","logo":{"@type":"ImageObject","inLanguage":"en-US","@id":"https:\/\/www.skomakaren.se\/en\/#\/schema\/logo\/image\/","url":"https:\/\/www.skomakaren.se\/wp-content\/uploads\/2024\/09\/cropped-cropped-hansson-b.png","contentUrl":"https:\/\/www.skomakaren.se\/wp-content\/uploads\/2024\/09\/cropped-cropped-hansson-b.png","width":240,"height":240,"caption":"SKOMAKAREN.SE"},"image":{"@id":"https:\/\/www.skomakaren.se\/en\/#\/schema\/logo\/image\/"}}]}},"_links":{"self":[{"href":"https:\/\/www.skomakaren.se\/en\/wp-json\/wp\/v2\/pages\/35391","targetHints":{"allow":["GET"]}}],"collection":[{"href":"https:\/\/www.skomakaren.se\/en\/wp-json\/wp\/v2\/pages"}],"about":[{"href":"https:\/\/www.skomakaren.se\/en\/wp-json\/wp\/v2\/types\/page"}],"author":[{"embeddable":true,"href":"https:\/\/www.skomakaren.se\/en\/wp-json\/wp\/v2\/users\/5"}],"replies":[{"embeddable":true,"href":"https:\/\/www.skomakaren.se\/en\/wp-json\/wp\/v2\/comments?post=35391"}],"version-history":[{"count":0,"href":"https:\/\/www.skomakaren.se\/en\/wp-json\/wp\/v2\/pages\/35391\/revisions"}],"up":[{"embeddable":true,"href":"https:\/\/www.skomakaren.se\/en\/wp-json\/wp\/v2\/pages\/35371"}],"wp:attachment":[{"href":"https:\/\/www.skomakaren.se\/en\/wp-json\/wp\/v2\/media?parent=35391"}],"curies":[{"name":"wp","href":"https:\/\/api.w.org\/{rel}","templated":true}]}}